{"id":274609,"date":"2022-01-06T15:34:11","date_gmt":"2022-01-06T14:34:11","guid":{"rendered":"https:\/\/vegetalsignals.com\/technology\/"},"modified":"2022-09-27T15:31:41","modified_gmt":"2022-09-27T13:31:41","slug":"technology","status":"publish","type":"page","link":"https:\/\/vegetalsignals.com\/en\/technology\/","title":{"rendered":"Technology"},"content":{"rendered":"<p>[et_pb_section fb_built=&#8221;1&#8243; _builder_version=&#8221;4.16&#8243; _module_preset=&#8221;default&#8221; custom_margin=&#8221;||||false|false&#8221; custom_padding=&#8221;50px||0px||false|false&#8221; global_colors_info=&#8221;{}&#8221; admin_label=&#8221;Section &#8211; L\u2019\u00e9lectrophysiologie v\u00e9g\u00e9tale&#8221;][et_pb_row _builder_version=&#8221;4.16&#8243; _module_preset=&#8221;default&#8221; custom_margin=&#8221;0px||0px||true|false&#8221; custom_padding=&#8221;0px||0px||true|false&#8221; global_colors_info=&#8221;{}&#8221;][et_pb_column type=&#8221;4_4&#8243; _builder_version=&#8221;4.16&#8243; _module_preset=&#8221;default&#8221; global_colors_info=&#8221;{}&#8221;][et_pb_text content_tablet=&#8221;&#8221; content_phone=&#8221;&#8221; content_last_edited=&#8221;on|phone&#8221; module_id=&#8221;H1-techno&#8221; _builder_version=&#8221;4.17.4&#8243; _module_preset=&#8221;0a03abe0-1303-4c0d-883a-8f17a42bdb05&#8243; text_font_size=&#8221;16px&#8221; background_color=&#8221;#000000&#8243; custom_margin=&#8221;||||false|false&#8221; hover_enabled=&#8221;0&#8243; global_colors_info=&#8221;{}&#8221; sticky_enabled=&#8221;0&#8243; admin_label=&#8221;L\u2019\u00e9lectrophysiologie v\u00e9g\u00e9tale&#8221;]<\/p>\n<h1 class=\"ligne_horizontal blanc\">Plant electrophysiology<\/h1>\n<p>[\/et_pb_text][et_pb_text module_id=&#8221;H1-techno&#8221; _builder_version=&#8221;4.16&#8243; _module_preset=&#8221;0a03abe0-1303-4c0d-883a-8f17a42bdb05&#8243; text_font_size=&#8221;16px&#8221; background_color=&#8221;#000000&#8243; custom_margin=&#8221;-20px||||false|false&#8221; hover_enabled=&#8221;0&#8243; global_colors_info=&#8221;{}&#8221; sticky_enabled=&#8221;0&#8243;]<\/p>\n<p style=\"text-align: center\"><strong>Electrical signals propagate through plants. These signals are of biological origin.<br \/> They result from ion flows that temporarily modify the polarity of cell membranes.<\/strong><\/p>\n<p style=\"text-align: center\">This electrical activity of plants allows an exchange of information over a long distance through the plant organism.<br \/> It is associated with the ability to adapt rapidly to external stimuli, particularly to environmental stressors.<\/p>\n<p style=\"text-align: center\">It is now considered to play a determining role in the adaptation of the plant to biotic and abiotic stresses.<\/p>\n<p>[\/et_pb_text][\/et_pb_column][\/et_pb_row][\/et_pb_section][et_pb_section fb_built=&#8221;1&#8243; _builder_version=&#8221;4.16&#8243; _module_preset=&#8221;default&#8221; custom_margin=&#8221;||||false|false&#8221; custom_padding=&#8221;0px||25px||false|false&#8221; global_colors_info=&#8221;{}&#8221; admin_label=&#8221;Section fond noir&#8221;][et_pb_row column_structure=&#8221;1_2,1_2&#8243; disabled_on=&#8221;on|on|off&#8221; module_id=&#8221;techno_electro&#8221; _builder_version=&#8221;4.16&#8243; _module_preset=&#8221;default&#8221; hover_enabled=&#8221;0&#8243; global_colors_info=&#8221;{}&#8221; sticky_enabled=&#8221;0&#8243;][et_pb_column type=&#8221;1_2&#8243; _builder_version=&#8221;4.16&#8243; _module_preset=&#8221;default&#8221; global_colors_info=&#8221;{}&#8221;][et_pb_image src=&#8221;https:\/\/vegetalsignals.com\/wp-content\/uploads\/2021\/11\/Untitled-4.jpg&#8221; title_text=&#8221;graphique-techno&#8221; align=&#8221;center&#8221; _builder_version=&#8221;4.16&#8243; _module_preset=&#8221;default&#8221; hover_enabled=&#8221;0&#8243; global_colors_info=&#8221;{}&#8221; sticky_enabled=&#8221;0&#8243;][\/et_pb_image][\/et_pb_column][et_pb_column type=&#8221;1_2&#8243; _builder_version=&#8221;4.16&#8243; _module_preset=&#8221;default&#8221; global_colors_info=&#8221;{}&#8221;][et_pb_text _builder_version=&#8221;4.16&#8243; _module_preset=&#8221;0a03abe0-1303-4c0d-883a-8f17a42bdb05&#8243; module_alignment=&#8221;center&#8221; global_colors_info=&#8221;{}&#8221;]<\/p>\n<p style=\"text-align: justify\">\u00ab Plant electrophysiology is the foundation for discovering and improving biosensors for monitoring the environment ; detecting effects of pollutants, pesticides, and defoliants; monitoring climate changes; plantinsect interactions; agriculture; and directing and fast controlling of conditions influencing the harvest. \u00bb<\/p>\n<p style=\"text-align: right\">Volkov, A. G. (Ed.). (2006). Plant electrophysiology. Berlin: Springer3<\/p>\n<p>&nbsp;<\/p>\n<p>[\/et_pb_text][\/et_pb_column][\/et_pb_row][et_pb_row column_structure=&#8221;1_2,1_2&#8243; custom_padding_last_edited=&#8221;on|phone&#8221; disabled_on=&#8221;off|off|on&#8221; module_id=&#8221;techno_electro&#8221; _builder_version=&#8221;4.17.4&#8243; _module_preset=&#8221;default&#8221; custom_padding_tablet=&#8221;&#8221; custom_padding_phone=&#8221;50px||0px||false|false&#8221; hover_enabled=&#8221;0&#8243; global_colors_info=&#8221;{}&#8221; admin_label=&#8221;version mobile&#8221; sticky_enabled=&#8221;0&#8243;][et_pb_column type=&#8221;1_2&#8243; _builder_version=&#8221;4.16&#8243; _module_preset=&#8221;default&#8221; global_colors_info=&#8221;{}&#8221;][et_pb_image src=&#8221;https:\/\/vegetalsignals.com\/wp-content\/uploads\/2021\/11\/Untitled-4.jpg&#8221; title_text=&#8221;graphique-techno&#8221; align=&#8221;center&#8221; _builder_version=&#8221;4.16&#8243; _module_preset=&#8221;default&#8221; hover_enabled=&#8221;0&#8243; global_colors_info=&#8221;{}&#8221; sticky_enabled=&#8221;0&#8243;][\/et_pb_image][\/et_pb_column][et_pb_column type=&#8221;1_2&#8243; _builder_version=&#8221;4.16&#8243; _module_preset=&#8221;default&#8221; global_colors_info=&#8221;{}&#8221;][et_pb_text _builder_version=&#8221;4.16&#8243; _module_preset=&#8221;0a03abe0-1303-4c0d-883a-8f17a42bdb05&#8243; module_alignment=&#8221;center&#8221; global_colors_info=&#8221;{}&#8221;]<\/p>\n<p style=\"text-align: justify\">\u00ab Plant electrophysiology is the foundation for discovering and improving biosensors for monitoring the environment ; detecting effects of pollutants, pesticides, and defoliants; monitoring climate changes; plantinsect interactions; agriculture; and directing and fast controlling of conditions influencing the harvest. \u00bb<\/p>\n<p style=\"text-align: right\">Volkov, A. G. (Ed.). (2006). Plant electrophysiology. Berlin: Springer3<\/p>\n<p>&nbsp;<\/p>\n<p>[\/et_pb_text][\/et_pb_column][\/et_pb_row][\/et_pb_section][et_pb_section fb_built=&#8221;1&#8243; _builder_version=&#8221;4.16&#8243; _module_preset=&#8221;default&#8221; custom_margin=&#8221;||||false|false&#8221; custom_padding=&#8221;25px||25px||true|false&#8221; global_colors_info=&#8221;{}&#8221; admin_label=&#8221;Section &#8211; Monitorer les signaux \u00e9lectriques des plantes&#8221;][et_pb_row module_id=&#8221;H1-techno&#8221; _builder_version=&#8221;4.16&#8243; _module_preset=&#8221;default&#8221; custom_margin=&#8221;0px||0px||true|false&#8221; custom_padding=&#8221;0px||0px||true|false&#8221; global_colors_info=&#8221;{}&#8221;][et_pb_column type=&#8221;4_4&#8243; _builder_version=&#8221;4.16&#8243; _module_preset=&#8221;default&#8221; global_colors_info=&#8221;{}&#8221;][et_pb_text module_id=&#8221;monitorer&#8221; _builder_version=&#8221;4.16&#8243; _module_preset=&#8221;0a03abe0-1303-4c0d-883a-8f17a42bdb05&#8243; text_font_size=&#8221;16px&#8221; header_2_font_size=&#8221;30px&#8221; background_color=&#8221;#000000&#8243; custom_margin=&#8221;||||false|false&#8221; hover_enabled=&#8221;0&#8243; global_colors_info=&#8221;{}&#8221; sticky_enabled=&#8221;0&#8243; admin_label=&#8221;Monitorer les signaux \u00e9lectriques des plantes&#8221;]<\/p>\n<h2 class=\"ligne_horizontal blanc\" style=\"text-align: center\">Monitoring electrical signals in plants<\/h2>\n<p>[\/et_pb_text][et_pb_text _builder_version=&#8221;4.16&#8243; _module_preset=&#8221;0a03abe0-1303-4c0d-883a-8f17a42bdb05&#8243; text_font_size=&#8221;16px&#8221; background_color=&#8221;#000000&#8243; custom_margin=&#8221;-20px||20px||false|false&#8221; global_colors_info=&#8221;{}&#8221;]<\/p>\n<p style=\"text-align: center\"><strong>Vegetal Signals has developed the VS8 bio-interface sensor to record the electrical activity of plants.<\/strong><\/p>\n<p>[\/et_pb_text][\/et_pb_column][\/et_pb_row][et_pb_row column_structure=&#8221;1_2,1_2&#8243; _builder_version=&#8221;4.16&#8243; _module_preset=&#8221;default&#8221; custom_margin=&#8221;0px||0px||true|false&#8221; custom_padding=&#8221;0px||0px||true|false&#8221; global_colors_info=&#8221;{}&#8221;][et_pb_column type=&#8221;1_2&#8243; _builder_version=&#8221;4.16&#8243; _module_preset=&#8221;default&#8221; global_colors_info=&#8221;{}&#8221;][et_pb_text _builder_version=&#8221;4.16&#8243; _module_preset=&#8221;0a03abe0-1303-4c0d-883a-8f17a42bdb05&#8243; global_colors_info=&#8221;{}&#8221;]<\/p>\n<p style=\"text-align: justify\">It is an 8-input monitoring system. It combines high measurement accuracy with the proven robustness needed for field conditions.<\/p>\n<p>[\/et_pb_text][et_pb_image src=&#8221;https:\/\/vegetalsignals.com\/wp-content\/uploads\/2021\/11\/Untitled-2.jpg&#8221; title_text=&#8221;box&#8221; _builder_version=&#8221;4.16&#8243; _module_preset=&#8221;default&#8221; global_colors_info=&#8221;{}&#8221;][\/et_pb_image][\/et_pb_column][et_pb_column type=&#8221;1_2&#8243; _builder_version=&#8221;4.16&#8243; _module_preset=&#8221;default&#8221; global_colors_info=&#8221;{}&#8221;][et_pb_text _builder_version=&#8221;4.16&#8243; _module_preset=&#8221;0a03abe0-1303-4c0d-883a-8f17a42bdb05&#8243; global_colors_info=&#8221;{}&#8221;]<\/p>\n<p style=\"text-align: justify\">With this device, we have collected several million hours of recording on different agricultural varieties in real growing conditions.<\/p>\n<p>[\/et_pb_text][et_pb_text _builder_version=&#8221;4.16&#8243; _module_preset=&#8221;0a03abe0-1303-4c0d-883a-8f17a42bdb05&#8243; header_3_font=&#8221;Open Sans Semi Bold|||on|||||&#8221; header_3_font_size=&#8221;16px&#8221; global_colors_info=&#8221;{}&#8221;]<\/p>\n<h3>Technical specifications :<\/h3>\n<p>sampling rate : 250 Hz<\/p>\n<p>voltage resolution : &lt; 25 nV<\/p>\n<p>Waterproofing : IP67<\/p>\n<p>Photovoltaic energy autonomy case<\/p>\n<p>[\/et_pb_text][et_pb_image src=&#8221;https:\/\/vegetalsignals.com\/wp-content\/uploads\/2021\/11\/boitier.png&#8221; title_text=&#8221;box&#8221; _builder_version=&#8221;4.16&#8243; _module_preset=&#8221;default&#8221; global_colors_info=&#8221;{}&#8221;][\/et_pb_image][\/et_pb_column][\/et_pb_row][\/et_pb_section][et_pb_section fb_built=&#8221;1&#8243; _builder_version=&#8221;4.16&#8243; _module_preset=&#8221;default&#8221; custom_margin=&#8221;||||false|false&#8221; custom_padding=&#8221;50px||0px||false|false&#8221; global_colors_info=&#8221;{}&#8221; admin_label=&#8221;Section &#8211; Interpr\u00e9ter l\u2019activit\u00e9 des plantes&#8221;][et_pb_row _builder_version=&#8221;4.16&#8243; _module_preset=&#8221;default&#8221; custom_margin=&#8221;0px||0px||true|false&#8221; custom_padding=&#8221;0px||0px||true|false&#8221; global_colors_info=&#8221;{}&#8221;][et_pb_column type=&#8221;4_4&#8243; _builder_version=&#8221;4.16&#8243; _module_preset=&#8221;default&#8221; global_colors_info=&#8221;{}&#8221;][et_pb_text module_id=&#8221;acti-plantes&#8221; _builder_version=&#8221;4.17.4&#8243; _module_preset=&#8221;0a03abe0-1303-4c0d-883a-8f17a42bdb05&#8243; text_font_size=&#8221;16px&#8221; header_2_font_size=&#8221;30px&#8221; background_color=&#8221;#000000&#8243; custom_margin=&#8221;||||false|false&#8221; hover_enabled=&#8221;0&#8243; global_colors_info=&#8221;{}&#8221; sticky_enabled=&#8221;0&#8243; admin_label=&#8221;Interpr\u00e9ter l\u2019activit\u00e9 des plantes&#8221;]<\/p>\n<h2 class=\"ligne_horizontal blanc\" style=\"text-align: center;\">Interpreting plant activity<\/h2>\n<p>[\/et_pb_text][et_pb_text module_id=&#8221;H1-techno&#8221; _builder_version=&#8221;4.16&#8243; _module_preset=&#8221;0a03abe0-1303-4c0d-883a-8f17a42bdb05&#8243; text_font_size=&#8221;16px&#8221; background_color=&#8221;#000000&#8243; custom_margin=&#8221;-20px||||false|false&#8221; global_colors_info=&#8221;{}&#8221;]<\/p>\n<p style=\"text-align: center\">Our R&amp;D team has developed signal mining methods and built a data processing pipeline. This processing system feeds artificial intelligence algorithms which in turn generate interpretation models. Thanks to these models, the electrical data of the plants can be &#8220;translated&#8221; into useful information to optimize the technical itineraries.<\/p>\n<p>[\/et_pb_text][\/et_pb_column][\/et_pb_row][\/et_pb_section][et_pb_section fb_built=&#8221;1&#8243; _builder_version=&#8221;4.16&#8243; _module_preset=&#8221;default&#8221; custom_margin=&#8221;||||false|false&#8221; custom_padding=&#8221;0px||25px||false|false&#8221; global_colors_info=&#8221;{}&#8221; admin_label=&#8221;Section fond noir&#8221;][et_pb_row column_structure=&#8221;1_2,1_2&#8243; module_id=&#8221;techno_activite&#8221; _builder_version=&#8221;4.16&#8243; _module_preset=&#8221;default&#8221; global_colors_info=&#8221;{}&#8221;][et_pb_column type=&#8221;1_2&#8243; _builder_version=&#8221;4.16&#8243; _module_preset=&#8221;default&#8221; global_colors_info=&#8221;{}&#8221;][et_pb_image src=&#8221;https:\/\/vegetalsignals.com\/wp-content\/uploads\/2021\/11\/Untitled-3.jpg&#8221; title_text=&#8221;resutat-graph&#8221; align=&#8221;center&#8221; _builder_version=&#8221;4.16&#8243; _module_preset=&#8221;default&#8221; global_colors_info=&#8221;{}&#8221;][\/et_pb_image][\/et_pb_column][et_pb_column type=&#8221;1_2&#8243; _builder_version=&#8221;4.16&#8243; _module_preset=&#8221;default&#8221; global_colors_info=&#8221;{}&#8221;][et_pb_text _builder_version=&#8221;4.16&#8243; _module_preset=&#8221;0a03abe0-1303-4c0d-883a-8f17a42bdb05&#8243; global_colors_info=&#8221;{}&#8221;]<\/p>\n<p style=\"text-align: justify\">The signal characteristics are extracted and processed by the VS8 bio-interface sensor and transmitted via a LoRawan connection to the Vegetal Signals servers where they are interpreted.<\/p>\n<p>[\/et_pb_text][\/et_pb_column][\/et_pb_row][\/et_pb_section]<\/p>\n","protected":false},"excerpt":{"rendered":"<p>Plant electrophysiologyElectrical signals propagate through plants. These signals are of biological origin. They result from ion flows that temporarily modify the polarity of cell membranes. This electrical activity of plants allows an exchange of information over a long distance through the plant organism. It is associated with the ability to adapt rapidly to external stimuli, [&hellip;]<\/p>\n","protected":false},"author":3,"featured_media":0,"parent":0,"menu_order":0,"comment_status":"closed","ping_status":"closed","template":"","meta":{"_et_pb_use_builder":"on","_et_pb_old_content":"","_et_gb_content_width":"","footnotes":""},"class_list":["post-274609","page","type-page","status-publish","hentry"],"_links":{"self":[{"href":"https:\/\/vegetalsignals.com\/en\/wp-json\/wp\/v2\/pages\/274609","targetHints":{"allow":["GET"]}}],"collection":[{"href":"https:\/\/vegetalsignals.com\/en\/wp-json\/wp\/v2\/pages"}],"about":[{"href":"https:\/\/vegetalsignals.com\/en\/wp-json\/wp\/v2\/types\/page"}],"author":[{"embeddable":true,"href":"https:\/\/vegetalsignals.com\/en\/wp-json\/wp\/v2\/users\/3"}],"replies":[{"embeddable":true,"href":"https:\/\/vegetalsignals.com\/en\/wp-json\/wp\/v2\/comments?post=274609"}],"version-history":[{"count":7,"href":"https:\/\/vegetalsignals.com\/en\/wp-json\/wp\/v2\/pages\/274609\/revisions"}],"predecessor-version":[{"id":274954,"href":"https:\/\/vegetalsignals.com\/en\/wp-json\/wp\/v2\/pages\/274609\/revisions\/274954"}],"wp:attachment":[{"href":"https:\/\/vegetalsignals.com\/en\/wp-json\/wp\/v2\/media?parent=274609"}],"curies":[{"name":"wp","href":"https:\/\/api.w.org\/{rel}","templated":true}]}}